{"id":25081,"date":"2017-12-13T08:37:50","date_gmt":"2017-12-13T08:37:50","guid":{"rendered":"https:\/\/www.boardelectronics.com\/about-me\/"},"modified":"2025-03-07T07:23:21","modified_gmt":"2025-03-07T07:23:21","slug":"about-me","status":"publish","type":"page","link":"https:\/\/www.boardelectronics.com\/en\/about-me\/","title":{"rendered":"About Me"},"content":{"rendered":"<div data-elementor-type=\"wp-post\" data-elementor-id=\"25081\" class=\"elementor elementor-25081\" data-elementor-settings=\"[]\">\n\t\t\t\t\t\t\t<div class=\"elementor-section-wrap\">\n\t\t\t\t\t\t\t<section class=\"elementor-section elementor-top-section elementor-element elementor-element-1582c1f elementor-section-boxed elementor-section-height-default elementor-section-height-default\" data-id=\"1582c1f\" data-element_type=\"section\" data-settings=\"{&quot;background_background&quot;:&quot;gradient&quot;}\">\n\t\t\t\t\t\t<div class=\"elementor-container elementor-column-gap-default\">\n\t\t\t\t\t<div class=\"elementor-column elementor-col-50 elementor-top-column elementor-element elementor-element-9e47264\" data-id=\"9e47264\" data-element_type=\"column\">\n\t\t\t<div class=\"elementor-widget-wrap elementor-element-populated\">\n\t\t\t\t\t\t\t\t<div class=\"elementor-element elementor-element-eb5c8e9 elementor-hidden-tablet elementor-hidden-phone elementor-widget elementor-widget-image\" data-id=\"eb5c8e9\" data-element_type=\"widget\" data-widget_type=\"image.default\">\n\t\t\t\t<div class=\"elementor-widget-container\">\n\t\t\t\t\t\t\t\t\t\t\t\t\t\t\t<img width=\"261\" height=\"1024\" src=\"https:\/\/www.boardelectronics.com\/wp-content\/uploads\/2021\/06\/skyscraper-building-e1625045990606-261x1024.jpg\" class=\"attachment-large size-large\" alt=\"\" loading=\"lazy\" srcset=\"https:\/\/www.boardelectronics.com\/wp-content\/uploads\/2021\/06\/skyscraper-building-e1625045990606-261x1024.jpg 261w, https:\/\/www.boardelectronics.com\/wp-content\/uploads\/2021\/06\/skyscraper-building-e1625045990606.jpg 382w\" sizes=\"(max-width: 261px) 100vw, 261px\" \/>\t\t\t\t\t\t\t\t\t\t\t\t\t\t\t<\/div>\n\t\t\t\t<\/div>\n\t\t\t\t\t<\/div>\n\t\t<\/div>\n\t\t\t\t<div class=\"elementor-column elementor-col-50 elementor-top-column elementor-element elementor-element-b70feff\" data-id=\"b70feff\" data-element_type=\"column\">\n\t\t\t<div class=\"elementor-widget-wrap elementor-element-populated\">\n\t\t\t\t\t\t\t\t<section class=\"elementor-section elementor-inner-section elementor-element elementor-element-8fcf17a elementor-section-boxed elementor-section-height-default elementor-section-height-default\" data-id=\"8fcf17a\" data-element_type=\"section\">\n\t\t\t\t\t\t<div class=\"elementor-container elementor-column-gap-default\">\n\t\t\t\t\t<div class=\"elementor-column elementor-col-100 elementor-inner-column elementor-element elementor-element-6dfcad0\" data-id=\"6dfcad0\" data-element_type=\"column\">\n\t\t\t<div class=\"elementor-widget-wrap elementor-element-populated\">\n\t\t\t\t\t\t\t\t<div class=\"elementor-element elementor-element-49be349 elementor-widget elementor-widget-heading\" data-id=\"49be349\" data-element_type=\"widget\" data-widget_type=\"heading.default\">\n\t\t\t\t<div class=\"elementor-widget-container\">\n\t\t\t<h1 class=\"elementor-heading-title elementor-size-default\">About Us<\/h1>\t\t<\/div>\n\t\t\t\t<\/div>\n\t\t\t\t<div class=\"elementor-element elementor-element-d8ce91c elementor-widget elementor-widget-text-editor\" data-id=\"d8ce91c\" data-element_type=\"widget\" data-widget_type=\"text-editor.default\">\n\t\t\t\t<div class=\"elementor-widget-container\">\n\t\t\t\t\t\t\t\t<p>Board Elektronik is a private company that provides a professional and comprehensive service to meet the ever-changing demands of the electronics industry.<br \/>We are able to deliver faster than traditional supply systems, as we have extensive worldwide connections with distributors, OEMs, manufacturing companies and trade organizations.<br \/>Board Electronics is a professional supply channel that provides products to customers in a variety of fields including consumer electronics, military, telecommunications, telecom, industrial control, security, power supply, automotive and medical device. Thanks to its extensive industry knowledge and partnerships with reliable suppliers, it ensures fast and quality electronic components supply at all times.<br \/>We make regular shipments by consolidating the products through our offices in Europe, America and the Asia.<\/p><p>Otomasyon sekt\u00f6r\u00fcn\u00fcn \u00f6nc\u00fclerinden Omega ile distrib\u00fct\u00f6rl\u00fck anla\u015fmas\u0131 imzalad\u0131k. Bu anla\u015fmayla 20 y\u0131ll\u0131k otomasyon deneyimimizle de\u011ferli m\u00fc\u015fterilerimizin \u00e7\u00f6z\u00fcm orta\u011f\u0131 olmay\u0131 hedefliyoruz.<\/p><p>\u00a0<\/p>\t\t\t\t\t\t<\/div>\n\t\t\t\t<\/div>\n\t\t\t\t\t<\/div>\n\t\t<\/div>\n\t\t\t\t\t\t\t<\/div>\n\t\t<\/section>\n\t\t\t\t\t<\/div>\n\t\t<\/div>\n\t\t\t\t\t\t\t<\/div>\n\t\t<\/section>\n\t\t\t\t\t\t<\/div>\n\t\t\t\t\t<\/div>","protected":false},"excerpt":{"rendered":"<p>Hakk\u0131m\u0131zda Board Elektronik, elektronik end\u00fcstrisinin s\u00fcrekli de\u011fi\u015fen taleplerini kar\u015f\u0131lamak i\u00e7in profesyonel ve kapsaml\u0131 bir hizmet sunan \u00f6zel bir \u015firkettir.Distrib\u00fct\u00f6rler, OEM\u2019ler, \u00fcretim \u015firketleri ve ticari kurulu\u015flarla d\u00fcnya \u00e7ap\u0131nda kapsaml\u0131 ba\u011flant\u0131lar\u0131m\u0131z oldu\u011fundan geleneksel tedarik sistemlerinden daha h\u0131zl\u0131 teslimat yapabiliyoruz.Board Electronics t\u00fcketim elektroni\u011fi, askeriye , telekom\u00fcnikasyon, telekom, end\u00fcstriyel kontrol, g\u00fcvenlik, g\u00fc\u00e7 kayna\u011f\u0131, otomotiv ve t\u0131bbi cihaz dahil olmak &hellip;<\/p>\n<p class=\"read-more\"> <a class=\"\" href=\"https:\/\/www.boardelectronics.com\/en\/about-me\/\"> <span class=\"screen-reader-text\">About Me<\/span> Read More &raquo;<\/a><\/p>","protected":false},"author":1,"featured_media":0,"parent":0,"menu_order":0,"comment_status":"closed","ping_status":"closed","template":"","meta":{"loftloader_page_shortcode":""},"_links":{"self":[{"href":"https:\/\/www.boardelectronics.com\/en\/wp-json\/wp\/v2\/pages\/25081"}],"collection":[{"href":"https:\/\/www.boardelectronics.com\/en\/wp-json\/wp\/v2\/pages"}],"about":[{"href":"https:\/\/www.boardelectronics.com\/en\/wp-json\/wp\/v2\/types\/page"}],"author":[{"embeddable":true,"href":"https:\/\/www.boardelectronics.com\/en\/wp-json\/wp\/v2\/users\/1"}],"replies":[{"embeddable":true,"href":"https:\/\/www.boardelectronics.com\/en\/wp-json\/wp\/v2\/comments?post=25081"}],"version-history":[{"count":22,"href":"https:\/\/www.boardelectronics.com\/en\/wp-json\/wp\/v2\/pages\/25081\/revisions"}],"predecessor-version":[{"id":28854,"href":"https:\/\/www.boardelectronics.com\/en\/wp-json\/wp\/v2\/pages\/25081\/revisions\/28854"}],"wp:attachment":[{"href":"https:\/\/www.boardelectronics.com\/en\/wp-json\/wp\/v2\/media?parent=25081"}],"curies":[{"name":"wp","href":"https:\/\/api.w.org\/{rel}","templated":true}]}}