{"id":25791,"date":"2021-06-20T22:39:01","date_gmt":"2021-06-20T22:39:01","guid":{"rendered":"https:\/\/www.boardelectronics.com\/?page_id=25791"},"modified":"2021-07-11T20:29:52","modified_gmt":"2021-07-11T20:29:52","slug":"yuklemeler","status":"publish","type":"page","link":"http:\/\/www.boardelectronics.com\/tr\/yuklemeler\/","title":{"rendered":"Y\u00dcKLEMELER"},"content":{"rendered":"\t\t<div data-elementor-type=\"wp-page\" data-elementor-id=\"25791\" class=\"elementor elementor-25791\" data-elementor-settings=\"[]\">\n\t\t\t\t\t\t\t<div class=\"elementor-section-wrap\">\n\t\t\t\t\t\t\t<section class=\"elementor-section elementor-top-section elementor-element elementor-element-v66wefc elementor-section-boxed elementor-section-height-default elementor-section-height-default\" data-id=\"v66wefc\" data-element_type=\"section\" data-settings=\"{&quot;background_background&quot;:&quot;classic&quot;}\">\n\t\t\t\t\t\t<div class=\"elementor-container elementor-column-gap-default\">\n\t\t\t\t\t<div class=\"elementor-column elementor-col-100 elementor-top-column elementor-element elementor-element-6620a5f\" data-id=\"6620a5f\" data-element_type=\"column\">\n\t\t\t<div class=\"elementor-widget-wrap elementor-element-populated\">\n\t\t\t\t\t\t\t\t<div class=\"elementor-element elementor-element-692ca2f elementor-widget elementor-widget-heading\" data-id=\"692ca2f\" data-element_type=\"widget\" data-widget_type=\"heading.default\">\n\t\t\t\t<div class=\"elementor-widget-container\">\n\t\t\t<h2 class=\"elementor-heading-title elementor-size-default\">Y\u00dcKLEMELER<\/h2>\t\t<\/div>\n\t\t\t\t<\/div>\n\t\t\t\t\t<\/div>\n\t\t<\/div>\n\t\t\t\t\t\t\t<\/div>\n\t\t<\/section>\n\t\t\t\t<section class=\"elementor-section elementor-top-section elementor-element elementor-element-x9psfvi elementor-section-content-middle elementor-section-boxed elementor-section-height-default elementor-section-height-default\" data-id=\"x9psfvi\" data-element_type=\"section\" data-settings=\"{&quot;background_background&quot;:&quot;classic&quot;}\">\n\t\t\t\t\t\t\t<div class=\"elementor-background-overlay\"><\/div>\n\t\t\t\t\t\t\t<div class=\"elementor-container elementor-column-gap-no\">\n\t\t\t\t\t<div class=\"elementor-column elementor-col-33 elementor-top-column elementor-element elementor-element-00fe61f\" data-id=\"00fe61f\" data-element_type=\"column\">\n\t\t\t<div class=\"elementor-widget-wrap elementor-element-populated\">\n\t\t\t\t\t\t\t\t<div class=\"elementor-element elementor-element-f0ae45e elementor-widget elementor-widget-image\" data-id=\"f0ae45e\" data-element_type=\"widget\" data-widget_type=\"image.default\">\n\t\t\t\t<div class=\"elementor-widget-container\">\n\t\t\t\t\t\t\t\t\t\t\t\t\t\t\t<img width=\"1000\" height=\"666\" src=\"http:\/\/www.boardelectronics.com\/wp-content\/uploads\/2021\/06\/aerial-shot-downtown-los-angeles-night-1.jpg\" class=\"attachment-large size-large\" alt=\"\" loading=\"lazy\" srcset=\"http:\/\/www.boardelectronics.com\/wp-content\/uploads\/2021\/06\/aerial-shot-downtown-los-angeles-night-1.jpg 1000w, http:\/\/www.boardelectronics.com\/wp-content\/uploads\/2021\/06\/aerial-shot-downtown-los-angeles-night-1-300x200.jpg 300w, http:\/\/www.boardelectronics.com\/wp-content\/uploads\/2021\/06\/aerial-shot-downtown-los-angeles-night-1-768x511.jpg 768w, http:\/\/www.boardelectronics.com\/wp-content\/uploads\/2021\/06\/aerial-shot-downtown-los-angeles-night-1-600x400.jpg 600w\" sizes=\"(max-width: 1000px) 100vw, 1000px\" \/>\t\t\t\t\t\t\t\t\t\t\t\t\t\t\t<\/div>\n\t\t\t\t<\/div>\n\t\t\t\t<div class=\"elementor-element elementor-element-1460afc elementor-widget elementor-widget-heading\" data-id=\"1460afc\" data-element_type=\"widget\" data-widget_type=\"heading.default\">\n\t\t\t\t<div class=\"elementor-widget-container\">\n\t\t\t<h3 class=\"elementor-heading-title elementor-size-default\">America<\/h3>\t\t<\/div>\n\t\t\t\t<\/div>\n\t\t\t\t<div class=\"elementor-element elementor-element-4fe0555 elementor-widget elementor-widget-text-editor\" data-id=\"4fe0555\" data-element_type=\"widget\" data-widget_type=\"text-editor.default\">\n\t\t\t\t<div class=\"elementor-widget-container\">\n\t\t\t\t\t\t\t\t<div class=\"wpb_column vc_column_container vc_col-sm-4\"><div class=\"vc_column-inner \"><div class=\"wpb_wrapper\"><div class=\"wpb_text_column wpb_content_element vc_custom_1581081445797\"><div class=\"wpb_wrapper\"><p>Digikey, Mouser, Rochester, TTI America, Arrow, Future ve Master gibi global distrib\u00fct\u00f6r firmalardan kendi y\u00fcklemelerimizi \u00e7\u0131karmaktay\u0131z.<\/p><\/div><\/div><\/div><\/div><\/div>\t\t\t\t\t\t<\/div>\n\t\t\t\t<\/div>\n\t\t\t\t\t<\/div>\n\t\t<\/div>\n\t\t\t\t<div class=\"elementor-column elementor-col-33 elementor-top-column elementor-element elementor-element-77f9305\" data-id=\"77f9305\" data-element_type=\"column\">\n\t\t\t<div class=\"elementor-widget-wrap elementor-element-populated\">\n\t\t\t\t\t\t\t\t<div class=\"elementor-element elementor-element-4d5532e elementor-widget elementor-widget-image\" data-id=\"4d5532e\" data-element_type=\"widget\" data-widget_type=\"image.default\">\n\t\t\t\t<div class=\"elementor-widget-container\">\n\t\t\t\t\t\t\t\t\t\t\t\t\t\t\t<img width=\"1000\" height=\"667\" src=\"http:\/\/www.boardelectronics.com\/wp-content\/uploads\/2021\/06\/big-ben-and-westminster-bridge-at-sunset-london-uk.jpg\" class=\"attachment-large size-large\" alt=\"\" loading=\"lazy\" srcset=\"http:\/\/www.boardelectronics.com\/wp-content\/uploads\/2021\/06\/big-ben-and-westminster-bridge-at-sunset-london-uk.jpg 1000w, http:\/\/www.boardelectronics.com\/wp-content\/uploads\/2021\/06\/big-ben-and-westminster-bridge-at-sunset-london-uk-300x200.jpg 300w, http:\/\/www.boardelectronics.com\/wp-content\/uploads\/2021\/06\/big-ben-and-westminster-bridge-at-sunset-london-uk-768x512.jpg 768w, http:\/\/www.boardelectronics.com\/wp-content\/uploads\/2021\/06\/big-ben-and-westminster-bridge-at-sunset-london-uk-600x400.jpg 600w\" sizes=\"(max-width: 1000px) 100vw, 1000px\" \/>\t\t\t\t\t\t\t\t\t\t\t\t\t\t\t<\/div>\n\t\t\t\t<\/div>\n\t\t\t\t<div class=\"elementor-element elementor-element-79b4a88 elementor-widget elementor-widget-heading\" data-id=\"79b4a88\" data-element_type=\"widget\" data-widget_type=\"heading.default\">\n\t\t\t\t<div class=\"elementor-widget-container\">\n\t\t\t<h3 class=\"elementor-heading-title elementor-size-default\">Europe<\/h3>\t\t<\/div>\n\t\t\t\t<\/div>\n\t\t\t\t<div class=\"elementor-element elementor-element-bf20e91 elementor-widget elementor-widget-text-editor\" data-id=\"bf20e91\" data-element_type=\"widget\" data-widget_type=\"text-editor.default\">\n\t\t\t\t<div class=\"elementor-widget-container\">\n\t\t\t\t\t\t\t\t<p>Farnell gibi global distrib\u00fct\u00f6r firmalardan d\u00fczenli olarak kendi y\u00fcklemelerimizi \u00e7\u0131karmaktay\u0131z.\u00a0 \u00a0 \u00a0 \u00a0 \u00a0 \u00a0 \u00a0 \u00a0 \u00a0 \u00a0\u00a0<\/p>\t\t\t\t\t\t<\/div>\n\t\t\t\t<\/div>\n\t\t\t\t\t<\/div>\n\t\t<\/div>\n\t\t\t\t<div class=\"elementor-column elementor-col-33 elementor-top-column elementor-element elementor-element-92c59ca\" data-id=\"92c59ca\" data-element_type=\"column\">\n\t\t\t<div class=\"elementor-widget-wrap elementor-element-populated\">\n\t\t\t\t\t\t\t\t<div class=\"elementor-element elementor-element-d3779df elementor-widget elementor-widget-image\" data-id=\"d3779df\" data-element_type=\"widget\" data-widget_type=\"image.default\">\n\t\t\t\t<div class=\"elementor-widget-container\">\n\t\t\t\t\t\t\t\t\t\t\t\t\t\t\t<img width=\"1000\" height=\"667\" src=\"http:\/\/www.boardelectronics.com\/wp-content\/uploads\/2021\/06\/shiny-night-city.jpg\" class=\"attachment-large size-large\" alt=\"\" loading=\"lazy\" srcset=\"http:\/\/www.boardelectronics.com\/wp-content\/uploads\/2021\/06\/shiny-night-city.jpg 1000w, http:\/\/www.boardelectronics.com\/wp-content\/uploads\/2021\/06\/shiny-night-city-300x200.jpg 300w, http:\/\/www.boardelectronics.com\/wp-content\/uploads\/2021\/06\/shiny-night-city-768x512.jpg 768w, http:\/\/www.boardelectronics.com\/wp-content\/uploads\/2021\/06\/shiny-night-city-600x400.jpg 600w\" sizes=\"(max-width: 1000px) 100vw, 1000px\" \/>\t\t\t\t\t\t\t\t\t\t\t\t\t\t\t<\/div>\n\t\t\t\t<\/div>\n\t\t\t\t<div class=\"elementor-element elementor-element-2f547cd elementor-widget elementor-widget-heading\" data-id=\"2f547cd\" data-element_type=\"widget\" data-widget_type=\"heading.default\">\n\t\t\t\t<div class=\"elementor-widget-container\">\n\t\t\t<h3 class=\"elementor-heading-title elementor-size-default\">Asia<\/h3>\t\t<\/div>\n\t\t\t\t<\/div>\n\t\t\t\t<div class=\"elementor-element elementor-element-0a3ffde elementor-widget elementor-widget-text-editor\" data-id=\"0a3ffde\" data-element_type=\"widget\" data-widget_type=\"text-editor.default\">\n\t\t\t\t<div class=\"elementor-widget-container\">\n\t\t\t\t\t\t\t\t<p>Uzakdo\u011fu b\u00f6lgesinde yeralan g\u00fcvenilir tedarik\u00e7i\u00a0 firmalar\u0131m\u0131z arac\u0131l\u0131\u011f\u0131yla kendi y\u00fcklemelerimizi \u00e7\u0131karmaktay\u0131z.\u00a0 \u00a0 \u00a0 \u00a0 \u00a0 \u00a0 \u00a0 \u00a0 \u00a0 \u00a0<\/p>\t\t\t\t\t\t<\/div>\n\t\t\t\t<\/div>\n\t\t\t\t\t<\/div>\n\t\t<\/div>\n\t\t\t\t\t\t\t<\/div>\n\t\t<\/section>\n\t\t\t\t\t\t<\/div>\n\t\t\t\t\t<\/div>\n\t\t","protected":false},"excerpt":{"rendered":"<p>Y\u00dcKLEMELER America Digikey, Mouser, Rochester, TTI America, Arrow, Future ve Master gibi global distrib\u00fct\u00f6r firmalardan kendi y\u00fcklemelerimizi \u00e7\u0131karmaktay\u0131z. Europe Farnell gibi global distrib\u00fct\u00f6r firmalardan d\u00fczenli olarak kendi y\u00fcklemelerimizi \u00e7\u0131karmaktay\u0131z.\u00a0 \u00a0 \u00a0 \u00a0 \u00a0 \u00a0 \u00a0 \u00a0 \u00a0 \u00a0\u00a0 Asia Uzakdo\u011fu b\u00f6lgesinde yeralan g\u00fcvenilir tedarik\u00e7i\u00a0 firmalar\u0131m\u0131z arac\u0131l\u0131\u011f\u0131yla kendi y\u00fcklemelerimizi \u00e7\u0131karmaktay\u0131z.\u00a0 \u00a0 \u00a0 \u00a0 \u00a0 \u00a0 \u00a0 &hellip;<\/p>\n<p class=\"read-more\"> <a class=\"\" href=\"http:\/\/www.boardelectronics.com\/tr\/yuklemeler\/\"> <span class=\"screen-reader-text\">Y\u00dcKLEMELER<\/span> Devam\u0131 &raquo;<\/a><\/p>\n","protected":false},"author":1,"featured_media":0,"parent":0,"menu_order":0,"comment_status":"closed","ping_status":"closed","template":"","meta":{"loftloader_page_shortcode":""},"_links":{"self":[{"href":"http:\/\/www.boardelectronics.com\/tr\/wp-json\/wp\/v2\/pages\/25791"}],"collection":[{"href":"http:\/\/www.boardelectronics.com\/tr\/wp-json\/wp\/v2\/pages"}],"about":[{"href":"http:\/\/www.boardelectronics.com\/tr\/wp-json\/wp\/v2\/types\/page"}],"author":[{"embeddable":true,"href":"http:\/\/www.boardelectronics.com\/tr\/wp-json\/wp\/v2\/users\/1"}],"replies":[{"embeddable":true,"href":"http:\/\/www.boardelectronics.com\/tr\/wp-json\/wp\/v2\/comments?post=25791"}],"version-history":[{"count":42,"href":"http:\/\/www.boardelectronics.com\/tr\/wp-json\/wp\/v2\/pages\/25791\/revisions"}],"predecessor-version":[{"id":28696,"href":"http:\/\/www.boardelectronics.com\/tr\/wp-json\/wp\/v2\/pages\/25791\/revisions\/28696"}],"wp:attachment":[{"href":"http:\/\/www.boardelectronics.com\/tr\/wp-json\/wp\/v2\/media?parent=25791"}],"curies":[{"name":"wp","href":"https:\/\/api.w.org\/{rel}","templated":true}]}}